{"id":183,"date":"2026-03-03T15:07:55","date_gmt":"2026-03-03T15:07:55","guid":{"rendered":"https:\/\/xn--atlyeylmaz-fcb62e.com\/?page_id=183"},"modified":"2026-03-06T14:45:47","modified_gmt":"2026-03-06T14:45:47","slug":"elementor-183","status":"publish","type":"page","link":"https:\/\/xn--atlyeylmaz-fcb62e.com\/","title":{"rendered":"ELEKTR\u0130KL\u0130 EV ALETLER\u0130 VE ELEKTRON\u0130K TAM\u0130R SERV\u0130S\u0130"},"content":{"rendered":"<p><img decoding=\"async\" width=\"150\" height=\"150\" src=\"https:\/\/xn--atlyeylmaz-fcb62e.com\/wp-content\/uploads\/2026\/03\/WhatsApp-Image-2026-02-17-at-13.53.39-150x150.jpeg\" alt=\"\" \/>\t\t\t\t\t\t\t\t\t\t\t\t\t\t\t\t\t\t\t\t\t\t\t\t\t\t<img decoding=\"async\" width=\"150\" height=\"150\" src=\"https:\/\/xn--atlyeylmaz-fcb62e.com\/wp-content\/uploads\/2026\/03\/WhatsApp-Image-2026-02-17-at-13.53.39-2-150x150.jpeg\" alt=\"\" \/>\t\t\t\t\t\t\t\t\t\t\t\t\t\t\t\t\t\t\t\t\t\t\t\t\t\t<img decoding=\"async\" width=\"150\" height=\"150\" src=\"https:\/\/xn--atlyeylmaz-fcb62e.com\/wp-content\/uploads\/2026\/03\/WhatsApp-Image-2026-02-17-at-13.53.39-1-150x150.jpeg\" alt=\"\" \/>\t\t\t\t\t\t\t\t\t\t\t\t\t\t\t\t\t\t\t\t\t\t\t\t\t\t<img loading=\"lazy\" decoding=\"async\" width=\"150\" height=\"150\" src=\"https:\/\/xn--atlyeylmaz-fcb62e.com\/wp-content\/uploads\/2026\/03\/WhatsApp-Image-2026-02-17-at-13.53.39-3-150x150.jpeg\" alt=\"\" \/><\/p>\n\n\n<figure class=\"wp-block-table\"><table class=\"has-fixed-layout\"><tbody><tr><td><a href=\"https:\/\/xn--atlyeylmaz-fcb62e.com\/?page_id=202\" type=\"page\" id=\"202\">\u0130LET\u0130\u015e\u0130M<\/a> <strong>vi\u015fnelik mh manalyo sk no 2-D Eski\u015fehir<\/strong><\/td><td><\/td><\/tr><tr><td><a href=\"https:\/\/xn--atlyeylmaz-fcb62e.com\/wp-content\/uploads\/2026\/03\/WhatsApp-Image-2026-02-17-at-13.53.39.jpeg\" type=\"attachment\" id=\"185\">Whats<\/a>ap 0540 945 62 92<\/td><td><\/td><\/tr><\/tbody><\/table><\/figure>\n\n\n\n<p><\/p>\n","protected":false},"excerpt":{"rendered":"<p>\u0130LET\u0130\u015e\u0130M vi\u015fnelik mh manalyo sk no 2-D Eski\u015fehir Whatsap 0540 945 62 92<\/p>\n","protected":false},"author":1,"featured_media":0,"parent":0,"menu_order":0,"comment_status":"closed","ping_status":"closed","template":"","meta":{"footnotes":""},"class_list":["post-183","page","type-page","status-publish","hentry"],"yoast_head":"<!-- This site is optimized with the Yoast SEO plugin v27.1.1 - https:\/\/yoast.com\/product\/yoast-seo-wordpress\/ -->\r\n<title>ELEKTR\u0130KL\u0130 EV ALETLER\u0130 VE ELEKTRON\u0130K TAM\u0130R SERV\u0130S\u0130 - AT\u00d6LYE YILMAZ<\/title>\r\n<meta name=\"robots\" content=\"index, follow, max-snippet:-1, max-image-preview:large, max-video-preview:-1\" \/>\r\n<link rel=\"canonical\" href=\"https:\/\/xn--atlyeylmaz-fcb62e.com\/\" \/>\r\n<meta property=\"og:locale\" content=\"tr_TR\" \/>\r\n<meta property=\"og:type\" content=\"article\" \/>\r\n<meta property=\"og:title\" content=\"ELEKTR\u0130KL\u0130 EV ALETLER\u0130 VE ELEKTRON\u0130K TAM\u0130R SERV\u0130S\u0130 - AT\u00d6LYE YILMAZ\" \/>\r\n<meta property=\"og:description\" content=\"\u0130LET\u0130\u015e\u0130M vi\u015fnelik mh manalyo sk no 2-D Eski\u015fehir Whatsap 0540 945 62 92\" \/>\r\n<meta property=\"og:url\" content=\"https:\/\/xn--atlyeylmaz-fcb62e.com\/\" \/>\r\n<meta property=\"og:site_name\" content=\"AT\u00d6LYE YILMAZ\" \/>\r\n<meta property=\"article:modified_time\" content=\"2026-03-06T14:45:47+00:00\" \/>\r\n<meta property=\"og:image\" content=\"https:\/\/xn--atlyeylmaz-fcb62e.com\/wp-content\/uploads\/2026\/03\/WhatsApp-Image-2026-02-17-at-13.53.39-150x150.jpeg\" \/>\r\n<meta name=\"twitter:card\" content=\"summary_large_image\" \/>\r\n<meta name=\"twitter:label1\" content=\"Tahmini okuma s\u00fcresi\" \/>\n\t<meta name=\"twitter:data1\" content=\"1 dakika\" \/>\r\n<script type=\"application\/ld+json\" class=\"yoast-schema-graph\">{\"@context\":\"https:\/\/schema.org\",\"@graph\":[{\"@type\":\"WebPage\",\"@id\":\"https:\/\/xn--atlyeylmaz-fcb62e.com\/\",\"url\":\"https:\/\/xn--atlyeylmaz-fcb62e.com\/\",\"name\":\"ELEKTR\u0130KL\u0130 EV ALETLER\u0130 VE ELEKTRON\u0130K TAM\u0130R SERV\u0130S\u0130 - AT\u00d6LYE YILMAZ\",\"isPartOf\":{\"@id\":\"https:\/\/xn--atlyeylmaz-fcb62e.com\/#website\"},\"primaryImageOfPage\":{\"@id\":\"https:\/\/xn--atlyeylmaz-fcb62e.com\/#primaryimage\"},\"image\":{\"@id\":\"https:\/\/xn--atlyeylmaz-fcb62e.com\/#primaryimage\"},\"thumbnailUrl\":\"https:\/\/xn--atlyeylmaz-fcb62e.com\/wp-content\/uploads\/2026\/03\/WhatsApp-Image-2026-02-17-at-13.53.39-150x150.jpeg\",\"datePublished\":\"2026-03-03T15:07:55+00:00\",\"dateModified\":\"2026-03-06T14:45:47+00:00\",\"breadcrumb\":{\"@id\":\"https:\/\/xn--atlyeylmaz-fcb62e.com\/#breadcrumb\"},\"inLanguage\":\"tr\",\"potentialAction\":[{\"@type\":\"ReadAction\",\"target\":[\"https:\/\/xn--atlyeylmaz-fcb62e.com\/\"]}]},{\"@type\":\"ImageObject\",\"inLanguage\":\"tr\",\"@id\":\"https:\/\/xn--atlyeylmaz-fcb62e.com\/#primaryimage\",\"url\":\"https:\/\/xn--atlyeylmaz-fcb62e.com\/wp-content\/uploads\/2026\/03\/WhatsApp-Image-2026-02-17-at-13.53.39.jpeg\",\"contentUrl\":\"https:\/\/xn--atlyeylmaz-fcb62e.com\/wp-content\/uploads\/2026\/03\/WhatsApp-Image-2026-02-17-at-13.53.39.jpeg\",\"width\":1536,\"height\":1024},{\"@type\":\"BreadcrumbList\",\"@id\":\"https:\/\/xn--atlyeylmaz-fcb62e.com\/#breadcrumb\",\"itemListElement\":[{\"@type\":\"ListItem\",\"position\":1,\"name\":\"Anasayfa\",\"item\":\"https:\/\/xn--atlyeylmaz-fcb62e.com\/\"},{\"@type\":\"ListItem\",\"position\":2,\"name\":\"ELEKTR\u0130KL\u0130 EV ALETLER\u0130 VE ELEKTRON\u0130K TAM\u0130R SERV\u0130S\u0130\"}]},{\"@type\":\"WebSite\",\"@id\":\"https:\/\/xn--atlyeylmaz-fcb62e.com\/#website\",\"url\":\"https:\/\/xn--atlyeylmaz-fcb62e.com\/\",\"name\":\"AT\u00d6LYE YILMAZ\",\"description\":\"\",\"publisher\":{\"@id\":\"https:\/\/xn--atlyeylmaz-fcb62e.com\/#organization\"},\"potentialAction\":[{\"@type\":\"SearchAction\",\"target\":{\"@type\":\"EntryPoint\",\"urlTemplate\":\"https:\/\/xn--atlyeylmaz-fcb62e.com\/?s={search_term_string}\"},\"query-input\":{\"@type\":\"PropertyValueSpecification\",\"valueRequired\":true,\"valueName\":\"search_term_string\"}}],\"inLanguage\":\"tr\"},{\"@type\":\"Organization\",\"@id\":\"https:\/\/xn--atlyeylmaz-fcb62e.com\/#organization\",\"name\":\"AT\u00d6LYE YILMAZ\",\"url\":\"https:\/\/xn--atlyeylmaz-fcb62e.com\/\",\"logo\":{\"@type\":\"ImageObject\",\"inLanguage\":\"tr\",\"@id\":\"https:\/\/xn--atlyeylmaz-fcb62e.com\/#\/schema\/logo\/image\/\",\"url\":\"https:\/\/xn--atlyeylmaz-fcb62e.com\/wp-content\/uploads\/2026\/03\/ylmz.png\",\"contentUrl\":\"https:\/\/xn--atlyeylmaz-fcb62e.com\/wp-content\/uploads\/2026\/03\/ylmz.png\",\"width\":991,\"height\":603,\"caption\":\"AT\u00d6LYE YILMAZ \"},\"image\":{\"@id\":\"https:\/\/xn--atlyeylmaz-fcb62e.com\/#\/schema\/logo\/image\/\"}}]}<\/script>\r\n<!-- \/ Yoast SEO plugin. -->","yoast_head_json":{"title":"ELEKTR\u0130KL\u0130 EV ALETLER\u0130 VE ELEKTRON\u0130K TAM\u0130R SERV\u0130S\u0130 - AT\u00d6LYE YILMAZ","robots":{"index":"index","follow":"follow","max-snippet":"max-snippet:-1","max-image-preview":"max-image-preview:large","max-video-preview":"max-video-preview:-1"},"canonical":"https:\/\/xn--atlyeylmaz-fcb62e.com\/","og_locale":"tr_TR","og_type":"article","og_title":"ELEKTR\u0130KL\u0130 EV ALETLER\u0130 VE ELEKTRON\u0130K TAM\u0130R SERV\u0130S\u0130 - AT\u00d6LYE YILMAZ","og_description":"\u0130LET\u0130\u015e\u0130M vi\u015fnelik mh manalyo sk no 2-D Eski\u015fehir Whatsap 0540 945 62 92","og_url":"https:\/\/xn--atlyeylmaz-fcb62e.com\/","og_site_name":"AT\u00d6LYE YILMAZ","article_modified_time":"2026-03-06T14:45:47+00:00","og_image":[{"url":"https:\/\/xn--atlyeylmaz-fcb62e.com\/wp-content\/uploads\/2026\/03\/WhatsApp-Image-2026-02-17-at-13.53.39-150x150.jpeg","type":"","width":"","height":""}],"twitter_card":"summary_large_image","twitter_misc":{"Tahmini okuma s\u00fcresi":"1 dakika"},"schema":{"@context":"https:\/\/schema.org","@graph":[{"@type":"WebPage","@id":"https:\/\/xn--atlyeylmaz-fcb62e.com\/","url":"https:\/\/xn--atlyeylmaz-fcb62e.com\/","name":"ELEKTR\u0130KL\u0130 EV ALETLER\u0130 VE ELEKTRON\u0130K TAM\u0130R SERV\u0130S\u0130 - AT\u00d6LYE YILMAZ","isPartOf":{"@id":"https:\/\/xn--atlyeylmaz-fcb62e.com\/#website"},"primaryImageOfPage":{"@id":"https:\/\/xn--atlyeylmaz-fcb62e.com\/#primaryimage"},"image":{"@id":"https:\/\/xn--atlyeylmaz-fcb62e.com\/#primaryimage"},"thumbnailUrl":"https:\/\/xn--atlyeylmaz-fcb62e.com\/wp-content\/uploads\/2026\/03\/WhatsApp-Image-2026-02-17-at-13.53.39-150x150.jpeg","datePublished":"2026-03-03T15:07:55+00:00","dateModified":"2026-03-06T14:45:47+00:00","breadcrumb":{"@id":"https:\/\/xn--atlyeylmaz-fcb62e.com\/#breadcrumb"},"inLanguage":"tr","potentialAction":[{"@type":"ReadAction","target":["https:\/\/xn--atlyeylmaz-fcb62e.com\/"]}]},{"@type":"ImageObject","inLanguage":"tr","@id":"https:\/\/xn--atlyeylmaz-fcb62e.com\/#primaryimage","url":"https:\/\/xn--atlyeylmaz-fcb62e.com\/wp-content\/uploads\/2026\/03\/WhatsApp-Image-2026-02-17-at-13.53.39.jpeg","contentUrl":"https:\/\/xn--atlyeylmaz-fcb62e.com\/wp-content\/uploads\/2026\/03\/WhatsApp-Image-2026-02-17-at-13.53.39.jpeg","width":1536,"height":1024},{"@type":"BreadcrumbList","@id":"https:\/\/xn--atlyeylmaz-fcb62e.com\/#breadcrumb","itemListElement":[{"@type":"ListItem","position":1,"name":"Anasayfa","item":"https:\/\/xn--atlyeylmaz-fcb62e.com\/"},{"@type":"ListItem","position":2,"name":"ELEKTR\u0130KL\u0130 EV ALETLER\u0130 VE ELEKTRON\u0130K TAM\u0130R SERV\u0130S\u0130"}]},{"@type":"WebSite","@id":"https:\/\/xn--atlyeylmaz-fcb62e.com\/#website","url":"https:\/\/xn--atlyeylmaz-fcb62e.com\/","name":"AT\u00d6LYE YILMAZ","description":"","publisher":{"@id":"https:\/\/xn--atlyeylmaz-fcb62e.com\/#organization"},"potentialAction":[{"@type":"SearchAction","target":{"@type":"EntryPoint","urlTemplate":"https:\/\/xn--atlyeylmaz-fcb62e.com\/?s={search_term_string}"},"query-input":{"@type":"PropertyValueSpecification","valueRequired":true,"valueName":"search_term_string"}}],"inLanguage":"tr"},{"@type":"Organization","@id":"https:\/\/xn--atlyeylmaz-fcb62e.com\/#organization","name":"AT\u00d6LYE YILMAZ","url":"https:\/\/xn--atlyeylmaz-fcb62e.com\/","logo":{"@type":"ImageObject","inLanguage":"tr","@id":"https:\/\/xn--atlyeylmaz-fcb62e.com\/#\/schema\/logo\/image\/","url":"https:\/\/xn--atlyeylmaz-fcb62e.com\/wp-content\/uploads\/2026\/03\/ylmz.png","contentUrl":"https:\/\/xn--atlyeylmaz-fcb62e.com\/wp-content\/uploads\/2026\/03\/ylmz.png","width":991,"height":603,"caption":"AT\u00d6LYE YILMAZ "},"image":{"@id":"https:\/\/xn--atlyeylmaz-fcb62e.com\/#\/schema\/logo\/image\/"}}]}},"_links":{"self":[{"href":"https:\/\/xn--atlyeylmaz-fcb62e.com\/index.php?rest_route=\/wp\/v2\/pages\/183","targetHints":{"allow":["GET"]}}],"collection":[{"href":"https:\/\/xn--atlyeylmaz-fcb62e.com\/index.php?rest_route=\/wp\/v2\/pages"}],"about":[{"href":"https:\/\/xn--atlyeylmaz-fcb62e.com\/index.php?rest_route=\/wp\/v2\/types\/page"}],"author":[{"embeddable":true,"href":"https:\/\/xn--atlyeylmaz-fcb62e.com\/index.php?rest_route=\/wp\/v2\/users\/1"}],"replies":[{"embeddable":true,"href":"https:\/\/xn--atlyeylmaz-fcb62e.com\/index.php?rest_route=%2Fwp%2Fv2%2Fcomments&post=183"}],"version-history":[{"count":9,"href":"https:\/\/xn--atlyeylmaz-fcb62e.com\/index.php?rest_route=\/wp\/v2\/pages\/183\/revisions"}],"predecessor-version":[{"id":210,"href":"https:\/\/xn--atlyeylmaz-fcb62e.com\/index.php?rest_route=\/wp\/v2\/pages\/183\/revisions\/210"}],"wp:attachment":[{"href":"https:\/\/xn--atlyeylmaz-fcb62e.com\/index.php?rest_route=%2Fwp%2Fv2%2Fmedia&parent=183"}],"curies":[{"name":"wp","href":"https:\/\/api.w.org\/{rel}","templated":true}]}}