{"id":202,"date":"2026-03-06T12:20:04","date_gmt":"2026-03-06T12:20:04","guid":{"rendered":"https:\/\/xn--atlyeylmaz-fcb62e.com\/?page_id=202"},"modified":"2026-03-06T14:52:53","modified_gmt":"2026-03-06T14:52:53","slug":"iletisim","status":"publish","type":"page","link":"https:\/\/xn--atlyeylmaz-fcb62e.com\/?page_id=202","title":{"rendered":"\u0130LET\u0130\u015e\u0130M"},"content":{"rendered":"\n<p><strong>V\u0130\u015eNEL\u0130K MH MANOLYA SOK NO2 &#8211; D ESK\u0130E\u015e\u0130H\u0130R <\/strong><\/p>\n\n\n\n<p><strong>TEL 0540 945 62 92<\/strong><\/p>\n\n\n\n<p><\/p>\n","protected":false},"excerpt":{"rendered":"<p>V\u0130\u015eNEL\u0130K MH MANOLYA SOK NO2 &#8211; D ESK\u0130E\u015e\u0130H\u0130R TEL 0540 945 62 92<\/p>\n","protected":false},"author":1,"featured_media":0,"parent":0,"menu_order":0,"comment_status":"closed","ping_status":"closed","template":"","meta":{"footnotes":""},"class_list":["post-202","page","type-page","status-publish","hentry"],"yoast_head":"<!-- This site is optimized with the Yoast SEO plugin v27.1.1 - https:\/\/yoast.com\/product\/yoast-seo-wordpress\/ -->\r\n<title>\u0130LET\u0130\u015e\u0130M - AT\u00d6LYE YILMAZ<\/title>\r\n<meta name=\"robots\" content=\"index, follow, max-snippet:-1, max-image-preview:large, max-video-preview:-1\" \/>\r\n<link rel=\"canonical\" href=\"https:\/\/xn--atlyeylmaz-fcb62e.com\/?page_id=202\" \/>\r\n<meta property=\"og:locale\" content=\"tr_TR\" \/>\r\n<meta property=\"og:type\" content=\"article\" \/>\r\n<meta property=\"og:title\" content=\"\u0130LET\u0130\u015e\u0130M - AT\u00d6LYE YILMAZ\" \/>\r\n<meta property=\"og:description\" content=\"V\u0130\u015eNEL\u0130K MH MANOLYA SOK NO2 &#8211; D ESK\u0130E\u015e\u0130H\u0130R TEL 0540 945 62 92\" \/>\r\n<meta property=\"og:url\" content=\"https:\/\/xn--atlyeylmaz-fcb62e.com\/?page_id=202\" \/>\r\n<meta property=\"og:site_name\" content=\"AT\u00d6LYE YILMAZ\" \/>\r\n<meta property=\"article:modified_time\" content=\"2026-03-06T14:52:53+00:00\" \/>\r\n<meta name=\"twitter:card\" content=\"summary_large_image\" \/>\r\n<meta name=\"twitter:label1\" content=\"Tahmini okuma s\u00fcresi\" \/>\n\t<meta name=\"twitter:data1\" content=\"1 dakika\" \/>\r\n<script type=\"application\/ld+json\" class=\"yoast-schema-graph\">{\"@context\":\"https:\/\/schema.org\",\"@graph\":[{\"@type\":\"WebPage\",\"@id\":\"https:\/\/xn--atlyeylmaz-fcb62e.com\/?page_id=202\",\"url\":\"https:\/\/xn--atlyeylmaz-fcb62e.com\/?page_id=202\",\"name\":\"\u0130LET\u0130\u015e\u0130M - AT\u00d6LYE YILMAZ\",\"isPartOf\":{\"@id\":\"https:\/\/xn--atlyeylmaz-fcb62e.com\/#website\"},\"datePublished\":\"2026-03-06T12:20:04+00:00\",\"dateModified\":\"2026-03-06T14:52:53+00:00\",\"breadcrumb\":{\"@id\":\"https:\/\/xn--atlyeylmaz-fcb62e.com\/?page_id=202#breadcrumb\"},\"inLanguage\":\"tr\",\"potentialAction\":[{\"@type\":\"ReadAction\",\"target\":[\"https:\/\/xn--atlyeylmaz-fcb62e.com\/?page_id=202\"]}]},{\"@type\":\"BreadcrumbList\",\"@id\":\"https:\/\/xn--atlyeylmaz-fcb62e.com\/?page_id=202#breadcrumb\",\"itemListElement\":[{\"@type\":\"ListItem\",\"position\":1,\"name\":\"Anasayfa\",\"item\":\"https:\/\/xn--atlyeylmaz-fcb62e.com\/\"},{\"@type\":\"ListItem\",\"position\":2,\"name\":\"\u0130LET\u0130\u015e\u0130M\"}]},{\"@type\":\"WebSite\",\"@id\":\"https:\/\/xn--atlyeylmaz-fcb62e.com\/#website\",\"url\":\"https:\/\/xn--atlyeylmaz-fcb62e.com\/\",\"name\":\"AT\u00d6LYE YILMAZ\",\"description\":\"\",\"publisher\":{\"@id\":\"https:\/\/xn--atlyeylmaz-fcb62e.com\/#organization\"},\"potentialAction\":[{\"@type\":\"SearchAction\",\"target\":{\"@type\":\"EntryPoint\",\"urlTemplate\":\"https:\/\/xn--atlyeylmaz-fcb62e.com\/?s={search_term_string}\"},\"query-input\":{\"@type\":\"PropertyValueSpecification\",\"valueRequired\":true,\"valueName\":\"search_term_string\"}}],\"inLanguage\":\"tr\"},{\"@type\":\"Organization\",\"@id\":\"https:\/\/xn--atlyeylmaz-fcb62e.com\/#organization\",\"name\":\"AT\u00d6LYE YILMAZ\",\"url\":\"https:\/\/xn--atlyeylmaz-fcb62e.com\/\",\"logo\":{\"@type\":\"ImageObject\",\"inLanguage\":\"tr\",\"@id\":\"https:\/\/xn--atlyeylmaz-fcb62e.com\/#\/schema\/logo\/image\/\",\"url\":\"https:\/\/xn--atlyeylmaz-fcb62e.com\/wp-content\/uploads\/2026\/03\/ylmz.png\",\"contentUrl\":\"https:\/\/xn--atlyeylmaz-fcb62e.com\/wp-content\/uploads\/2026\/03\/ylmz.png\",\"width\":991,\"height\":603,\"caption\":\"AT\u00d6LYE YILMAZ \"},\"image\":{\"@id\":\"https:\/\/xn--atlyeylmaz-fcb62e.com\/#\/schema\/logo\/image\/\"}}]}<\/script>\r\n<!-- \/ Yoast SEO plugin. -->","yoast_head_json":{"title":"\u0130LET\u0130\u015e\u0130M - AT\u00d6LYE YILMAZ","robots":{"index":"index","follow":"follow","max-snippet":"max-snippet:-1","max-image-preview":"max-image-preview:large","max-video-preview":"max-video-preview:-1"},"canonical":"https:\/\/xn--atlyeylmaz-fcb62e.com\/?page_id=202","og_locale":"tr_TR","og_type":"article","og_title":"\u0130LET\u0130\u015e\u0130M - AT\u00d6LYE YILMAZ","og_description":"V\u0130\u015eNEL\u0130K MH MANOLYA SOK NO2 &#8211; D ESK\u0130E\u015e\u0130H\u0130R TEL 0540 945 62 92","og_url":"https:\/\/xn--atlyeylmaz-fcb62e.com\/?page_id=202","og_site_name":"AT\u00d6LYE YILMAZ","article_modified_time":"2026-03-06T14:52:53+00:00","twitter_card":"summary_large_image","twitter_misc":{"Tahmini okuma s\u00fcresi":"1 dakika"},"schema":{"@context":"https:\/\/schema.org","@graph":[{"@type":"WebPage","@id":"https:\/\/xn--atlyeylmaz-fcb62e.com\/?page_id=202","url":"https:\/\/xn--atlyeylmaz-fcb62e.com\/?page_id=202","name":"\u0130LET\u0130\u015e\u0130M - AT\u00d6LYE YILMAZ","isPartOf":{"@id":"https:\/\/xn--atlyeylmaz-fcb62e.com\/#website"},"datePublished":"2026-03-06T12:20:04+00:00","dateModified":"2026-03-06T14:52:53+00:00","breadcrumb":{"@id":"https:\/\/xn--atlyeylmaz-fcb62e.com\/?page_id=202#breadcrumb"},"inLanguage":"tr","potentialAction":[{"@type":"ReadAction","target":["https:\/\/xn--atlyeylmaz-fcb62e.com\/?page_id=202"]}]},{"@type":"BreadcrumbList","@id":"https:\/\/xn--atlyeylmaz-fcb62e.com\/?page_id=202#breadcrumb","itemListElement":[{"@type":"ListItem","position":1,"name":"Anasayfa","item":"https:\/\/xn--atlyeylmaz-fcb62e.com\/"},{"@type":"ListItem","position":2,"name":"\u0130LET\u0130\u015e\u0130M"}]},{"@type":"WebSite","@id":"https:\/\/xn--atlyeylmaz-fcb62e.com\/#website","url":"https:\/\/xn--atlyeylmaz-fcb62e.com\/","name":"AT\u00d6LYE YILMAZ","description":"","publisher":{"@id":"https:\/\/xn--atlyeylmaz-fcb62e.com\/#organization"},"potentialAction":[{"@type":"SearchAction","target":{"@type":"EntryPoint","urlTemplate":"https:\/\/xn--atlyeylmaz-fcb62e.com\/?s={search_term_string}"},"query-input":{"@type":"PropertyValueSpecification","valueRequired":true,"valueName":"search_term_string"}}],"inLanguage":"tr"},{"@type":"Organization","@id":"https:\/\/xn--atlyeylmaz-fcb62e.com\/#organization","name":"AT\u00d6LYE YILMAZ","url":"https:\/\/xn--atlyeylmaz-fcb62e.com\/","logo":{"@type":"ImageObject","inLanguage":"tr","@id":"https:\/\/xn--atlyeylmaz-fcb62e.com\/#\/schema\/logo\/image\/","url":"https:\/\/xn--atlyeylmaz-fcb62e.com\/wp-content\/uploads\/2026\/03\/ylmz.png","contentUrl":"https:\/\/xn--atlyeylmaz-fcb62e.com\/wp-content\/uploads\/2026\/03\/ylmz.png","width":991,"height":603,"caption":"AT\u00d6LYE YILMAZ "},"image":{"@id":"https:\/\/xn--atlyeylmaz-fcb62e.com\/#\/schema\/logo\/image\/"}}]}},"_links":{"self":[{"href":"https:\/\/xn--atlyeylmaz-fcb62e.com\/index.php?rest_route=\/wp\/v2\/pages\/202","targetHints":{"allow":["GET"]}}],"collection":[{"href":"https:\/\/xn--atlyeylmaz-fcb62e.com\/index.php?rest_route=\/wp\/v2\/pages"}],"about":[{"href":"https:\/\/xn--atlyeylmaz-fcb62e.com\/index.php?rest_route=\/wp\/v2\/types\/page"}],"author":[{"embeddable":true,"href":"https:\/\/xn--atlyeylmaz-fcb62e.com\/index.php?rest_route=\/wp\/v2\/users\/1"}],"replies":[{"embeddable":true,"href":"https:\/\/xn--atlyeylmaz-fcb62e.com\/index.php?rest_route=%2Fwp%2Fv2%2Fcomments&post=202"}],"version-history":[{"count":2,"href":"https:\/\/xn--atlyeylmaz-fcb62e.com\/index.php?rest_route=\/wp\/v2\/pages\/202\/revisions"}],"predecessor-version":[{"id":212,"href":"https:\/\/xn--atlyeylmaz-fcb62e.com\/index.php?rest_route=\/wp\/v2\/pages\/202\/revisions\/212"}],"wp:attachment":[{"href":"https:\/\/xn--atlyeylmaz-fcb62e.com\/index.php?rest_route=%2Fwp%2Fv2%2Fmedia&parent=202"}],"curies":[{"name":"wp","href":"https:\/\/api.w.org\/{rel}","templated":true}]}}